{"id":1743,"date":"2022-08-07T14:57:46","date_gmt":"2022-08-07T14:57:46","guid":{"rendered":"https:\/\/arqmarcelamendes.com.br\/?page_id=1743"},"modified":"2024-10-22T17:54:19","modified_gmt":"2024-10-22T17:54:19","slug":"briefing","status":"publish","type":"page","link":"https:\/\/arqmarcelamendes.com.br\/es\/briefing\/","title":{"rendered":"BRIEFING"},"content":{"rendered":"<div data-elementor-type=\"wp-page\" data-elementor-id=\"1743\" class=\"elementor elementor-1743\" data-elementor-post-type=\"page\">\n\t\t\t\t\t\t<section class=\"elementor-section elementor-top-section elementor-element elementor-element-8d4e8e8 elementor-section-content-middle elementor-section-boxed elementor-section-height-default elementor-section-height-default\" data-id=\"8d4e8e8\" data-element_type=\"section\" data-settings=\"{&quot;background_background&quot;:&quot;classic&quot;}\">\n\t\t\t\t\t\t<div class=\"elementor-container elementor-column-gap-default\">\n\t\t\t\t\t<div class=\"elementor-column elementor-col-100 elementor-top-column elementor-element elementor-element-58b6967\" data-id=\"58b6967\" data-element_type=\"column\" data-settings=\"{&quot;animation&quot;:&quot;none&quot;}\">\n\t\t\t<div class=\"elementor-widget-wrap elementor-element-populated\">\n\t\t\t\t\t\t<div class=\"elementor-element elementor-element-02f41fa elementor-widget elementor-widget-heading\" data-id=\"02f41fa\" data-element_type=\"widget\" data-widget_type=\"heading.default\">\n\t\t\t\t\t<h2 class=\"elementor-heading-title elementor-size-default\"><b>BRIEFING <\/b> - PROGRAMA DE NECESSIDADES DO(A) CLIENTE<\/h2>\t\t\t\t<\/div>\n\t\t\t\t\t<\/div>\n\t\t<\/div>\n\t\t\t\t\t<\/div>\n\t\t<\/section>\n\t\t\t\t<section class=\"elementor-section elementor-top-section elementor-element elementor-element-4e5b43d elementor-section-boxed elementor-section-height-default elementor-section-height-default\" data-id=\"4e5b43d\" data-element_type=\"section\" data-settings=\"{&quot;background_background&quot;:&quot;classic&quot;}\">\n\t\t\t\t\t\t<div class=\"elementor-container elementor-column-gap-default\">\n\t\t\t\t\t<div class=\"elementor-column elementor-col-100 elementor-top-column elementor-element elementor-element-46344ff\" data-id=\"46344ff\" data-element_type=\"column\">\n\t\t\t<div class=\"elementor-widget-wrap elementor-element-populated\">\n\t\t\t\t\t\t<div class=\"elementor-element elementor-element-b06b745 elementor-button-align-stretch elementor-widget elementor-widget-form\" data-id=\"b06b745\" data-element_type=\"widget\" data-settings=\"{&quot;step_next_label&quot;:&quot;Pr\\u00f3ximo&quot;,&quot;step_previous_label&quot;:&quot;Anterior&quot;,&quot;button_width&quot;:&quot;100&quot;,&quot;step_type&quot;:&quot;number_text&quot;,&quot;step_icon_shape&quot;:&quot;circle&quot;}\" data-widget_type=\"form.default\">\n\t\t\t\t\t\t\t<form class=\"elementor-form\" method=\"post\" name=\"New Form\" aria-label=\"Form de Contato - Espanhol\" action=\"\">\n\t\t\t<input type=\"hidden\" name=\"post_id\" value=\"1743\"\/>\n\t\t\t<input type=\"hidden\" name=\"form_id\" value=\"b06b745\"\/>\n\t\t\t<input type=\"hidden\" name=\"referer_title\" value=\"BRIEFING - Marcela Mendes Arquitetura\" \/>\n\n\t\t\t\t\t\t\t<input type=\"hidden\" name=\"queried_id\" value=\"1743\"\/>\n\t\t\t\n\t\t\t<div class=\"elementor-form-fields-wrapper elementor-labels-above\">\n\t\t\t\t\t\t\t\t<div class=\"elementor-field-type-step elementor-field-group elementor-column elementor-field-group-field_d315446 elementor-col-100\">\n\t\t\t\t\t\t\t<div class=\"e-field-step elementor-hidden\" data-label=\"Identifica\u00e7\u00e3o\" data-previousbutton=\"\" data-nextbutton=\"\" data-iconurl=\"\" data-iconlibrary=\"fas fa-star\" data-icon=\"&lt;svg class=&quot;e-font-icon-svg e-fas-star&quot; viewBox=&quot;0 0 576 512&quot; xmlns=&quot;http:\/\/www.w3.org\/2000\/svg&quot;&gt;&lt;path d=&quot;M259.3 17.8L194 150.2 47.9 171.5c-26.2 3.8-36.7 36.1-17.7 54.6l105.7 103-25 145.5c-4.5 26.3 23.2 46 46.4 33.7L288 439.6l130.7 68.7c23.2 12.2 50.9-7.4 46.4-33.7l-25-145.5 105.7-103c19-18.5 8.5-50.8-17.7-54.6L382 150.2 316.7 17.8c-11.7-23.6-45.6-23.9-57.4 0z&quot;&gt;&lt;\/path&gt;&lt;\/svg&gt;\" ><\/div>\n\n\t\t\t\t\t\t<\/div>\n\t\t\t\t\t\t\t\t<div class=\"elementor-field-type-text elementor-field-group elementor-column elementor-field-group-field_dcaf85e elementor-col-100 elementor-field-required\">\n\t\t\t\t\t\t\t\t\t\t\t\t<label for=\"form-field-field_dcaf85e\" class=\"elementor-field-label\">\n\t\t\t\t\t\t\t\tNome Completo\t\t\t\t\t\t\t<\/label>\n\t\t\t\t\t\t\t\t\t\t\t\t\t\t<input size=\"1\" type=\"text\" name=\"form_fields[field_dcaf85e]\" id=\"form-field-field_dcaf85e\" class=\"elementor-field elementor-size-sm  elementor-field-textual\" required=\"required\">\n\t\t\t\t\t\t\t\t\t\t\t<\/div>\n\t\t\t\t\t\t\t\t<div class=\"elementor-field-type-step elementor-field-group elementor-column elementor-field-group-field_f0caa36 elementor-col-100\">\n\t\t\t\t\t\t\t<div class=\"e-field-step elementor-hidden\" data-label=\"Geral\" data-previousbutton=\"\" data-nextbutton=\"\" data-iconurl=\"\" data-iconlibrary=\"fas fa-star\" data-icon=\"&lt;svg class=&quot;e-font-icon-svg e-fas-star&quot; viewBox=&quot;0 0 576 512&quot; xmlns=&quot;http:\/\/www.w3.org\/2000\/svg&quot;&gt;&lt;path d=&quot;M259.3 17.8L194 150.2 47.9 171.5c-26.2 3.8-36.7 36.1-17.7 54.6l105.7 103-25 145.5c-4.5 26.3 23.2 46 46.4 33.7L288 439.6l130.7 68.7c23.2 12.2 50.9-7.4 46.4-33.7l-25-145.5 105.7-103c19-18.5 8.5-50.8-17.7-54.6L382 150.2 316.7 17.8c-11.7-23.6-45.6-23.9-57.4 0z&quot;&gt;&lt;\/path&gt;&lt;\/svg&gt;\" ><\/div>\n\n\t\t\t\t\t\t<\/div>\n\t\t\t\t\t\t\t\t<div class=\"elementor-field-type-text elementor-field-group elementor-column elementor-field-group-field_cf4f03c elementor-col-100\">\n\t\t\t\t\t\t\t\t\t\t\t\t<label for=\"form-field-field_cf4f03c\" class=\"elementor-field-label\">\n\t\t\t\t\t\t\t\tQuantas pessoas ir\u00e3o residir no lar?\t\t\t\t\t\t\t<\/label>\n\t\t\t\t\t\t\t\t\t\t\t\t\t\t<input size=\"1\" type=\"text\" name=\"form_fields[field_cf4f03c]\" id=\"form-field-field_cf4f03c\" class=\"elementor-field elementor-size-sm  elementor-field-textual\">\n\t\t\t\t\t\t\t\t\t\t\t<\/div>\n\t\t\t\t\t\t\t\t<div class=\"elementor-field-type-textarea elementor-field-group elementor-column elementor-field-group-field_0f30c3e elementor-col-100\">\n\t\t\t\t\t\t\t\t\t\t\t\t<label for=\"form-field-field_0f30c3e\" class=\"elementor-field-label\">\n\t\t\t\t\t\t\t\tQuais os g\u00eaneros e as idades dos moradores?\t\t\t\t\t\t\t<\/label>\n\t\t\t\t\t\t<textarea class=\"elementor-field-textual elementor-field  elementor-size-sm\" name=\"form_fields[field_0f30c3e]\" id=\"form-field-field_0f30c3e\" rows=\"4\" placeholder=\"Descreva os moradores.\"><\/textarea>\t\t\t\t<\/div>\n\t\t\t\t\t\t\t\t<div class=\"elementor-field-type-textarea elementor-field-group elementor-column elementor-field-group-field_371707d elementor-col-100\">\n\t\t\t\t\t\t\t\t\t\t\t\t<label for=\"form-field-field_371707d\" class=\"elementor-field-label\">\n\t\t\t\t\t\t\t\tQuais as alturas dos moradores?\t\t\t\t\t\t\t<\/label>\n\t\t\t\t\t\t<textarea class=\"elementor-field-textual elementor-field  elementor-size-sm\" name=\"form_fields[field_371707d]\" id=\"form-field-field_371707d\" rows=\"4\" placeholder=\"Descreva a estatura dos moradores.\"><\/textarea>\t\t\t\t<\/div>\n\t\t\t\t\t\t\t\t<div class=\"elementor-field-type-textarea elementor-field-group elementor-column elementor-field-group-field_01ee7c0 elementor-col-100\">\n\t\t\t\t\t\t\t\t\t\t\t\t<label for=\"form-field-field_01ee7c0\" class=\"elementor-field-label\">\n\t\t\t\t\t\t\t\tPossui animais de estima\u00e7\u00e3o? Quantos? De qual esp\u00e9cie? \t\t\t\t\t\t\t<\/label>\n\t\t\t\t\t\t<textarea class=\"elementor-field-textual elementor-field  elementor-size-sm\" name=\"form_fields[field_01ee7c0]\" id=\"form-field-field_01ee7c0\" rows=\"4\" placeholder=\"Descreva os animais que possui.\"><\/textarea>\t\t\t\t<\/div>\n\t\t\t\t\t\t\t\t<div class=\"elementor-field-type-text elementor-field-group elementor-column elementor-field-group-field_8fcaba9 elementor-col-100\">\n\t\t\t\t\t\t\t\t\t\t\t\t<label for=\"form-field-field_8fcaba9\" class=\"elementor-field-label\">\n\t\t\t\t\t\t\t\tPossui e\/ou gosta de plantas?\t\t\t\t\t\t\t<\/label>\n\t\t\t\t\t\t\t\t\t\t\t\t\t\t<input size=\"1\" type=\"text\" name=\"form_fields[field_8fcaba9]\" id=\"form-field-field_8fcaba9\" class=\"elementor-field elementor-size-sm  elementor-field-textual\">\n\t\t\t\t\t\t\t\t\t\t\t<\/div>\n\t\t\t\t\t\t\t\t<div class=\"elementor-field-type-text elementor-field-group elementor-column elementor-field-group-field_c063000 elementor-col-100\">\n\t\t\t\t\t\t\t\t\t\t\t\t<label for=\"form-field-field_c063000\" class=\"elementor-field-label\">\n\t\t\t\t\t\t\t\tPossui alguma cole\u00e7\u00e3o de objetos?\t\t\t\t\t\t\t<\/label>\n\t\t\t\t\t\t\t\t\t\t\t\t\t\t<input size=\"1\" type=\"text\" name=\"form_fields[field_c063000]\" id=\"form-field-field_c063000\" class=\"elementor-field elementor-size-sm  elementor-field-textual\">\n\t\t\t\t\t\t\t\t\t\t\t<\/div>\n\t\t\t\t\t\t\t\t<div class=\"elementor-field-type-step elementor-field-group elementor-column elementor-field-group-field_2c8035e elementor-col-100\">\n\t\t\t\t\t\t\t<div class=\"e-field-step elementor-hidden\" data-label=\"Rotinas\" data-previousbutton=\"\" data-nextbutton=\"\" data-iconurl=\"\" data-iconlibrary=\"fas fa-star\" data-icon=\"&lt;svg class=&quot;e-font-icon-svg e-fas-star&quot; viewBox=&quot;0 0 576 512&quot; xmlns=&quot;http:\/\/www.w3.org\/2000\/svg&quot;&gt;&lt;path d=&quot;M259.3 17.8L194 150.2 47.9 171.5c-26.2 3.8-36.7 36.1-17.7 54.6l105.7 103-25 145.5c-4.5 26.3 23.2 46 46.4 33.7L288 439.6l130.7 68.7c23.2 12.2 50.9-7.4 46.4-33.7l-25-145.5 105.7-103c19-18.5 8.5-50.8-17.7-54.6L382 150.2 316.7 17.8c-11.7-23.6-45.6-23.9-57.4 0z&quot;&gt;&lt;\/path&gt;&lt;\/svg&gt;\" ><\/div>\n\n\t\t\t\t\t\t<\/div>\n\t\t\t\t\t\t\t\t<div class=\"elementor-field-type-text elementor-field-group elementor-column elementor-field-group-name elementor-col-100\">\n\t\t\t\t\t\t\t\t\t\t\t\t<label for=\"form-field-name\" class=\"elementor-field-label\">\n\t\t\t\t\t\t\t\tVoc\u00ea trabalha fora ou home office?\t\t\t\t\t\t\t<\/label>\n\t\t\t\t\t\t\t\t\t\t\t\t\t\t<input size=\"1\" type=\"text\" name=\"form_fields[name]\" id=\"form-field-name\" class=\"elementor-field elementor-size-sm  elementor-field-textual\">\n\t\t\t\t\t\t\t\t\t\t\t<\/div>\n\t\t\t\t\t\t\t\t<div class=\"elementor-field-type-text elementor-field-group elementor-column elementor-field-group-field_e8fe98d elementor-col-100\">\n\t\t\t\t\t\t\t\t\t\t\t\t<label for=\"form-field-field_e8fe98d\" class=\"elementor-field-label\">\n\t\t\t\t\t\t\t\tCostumam fazer refei\u00e7\u00f5es r\u00e1pidas ou  se re\u00fanem para um almo\u00e7o\/jantar?\t\t\t\t\t\t\t<\/label>\n\t\t\t\t\t\t\t\t\t\t\t\t\t\t<input size=\"1\" type=\"text\" name=\"form_fields[field_e8fe98d]\" id=\"form-field-field_e8fe98d\" class=\"elementor-field elementor-size-sm  elementor-field-textual\">\n\t\t\t\t\t\t\t\t\t\t\t<\/div>\n\t\t\t\t\t\t\t\t<div class=\"elementor-field-type-select elementor-field-group elementor-column elementor-field-group-field_c03623a elementor-col-100\">\n\t\t\t\t\t\t\t\t\t\t\t\t<label for=\"form-field-field_c03623a\" class=\"elementor-field-label\">\n\t\t\t\t\t\t\t\tOs moradores assistem TV juntos?\t\t\t\t\t\t\t<\/label>\n\t\t\t\t\t\t\t\t<div class=\"elementor-field elementor-select-wrapper remove-before\">\n\t\t\t<div class=\"select-caret-down-wrapper\">\n\t\t\t\t<svg aria-hidden=\"true\" class=\"e-font-icon-svg e-eicon-caret-down\" viewbox=\"0 0 571.4 571.4\" xmlns=\"http:\/\/www.w3.org\/2000\/svg\"><path d=\"M571 393Q571 407 561 418L311 668Q300 679 286 679T261 668L11 418Q0 407 0 393T11 368 36 357H536Q550 357 561 368T571 393Z\"><\/path><\/svg>\t\t\t<\/div>\n\t\t\t<select name=\"form_fields[field_c03623a]\" id=\"form-field-field_c03623a\" class=\"elementor-field-textual elementor-size-sm\">\n\t\t\t\t\t\t\t\t\t<option value=\"Sim\">Sim<\/option>\n\t\t\t\t\t\t\t\t\t<option value=\"N\u00e3o \">N\u00e3o <\/option>\n\t\t\t\t\t\t\t\t\t<option value=\"As vezes\">As vezes<\/option>\n\t\t\t\t\t\t\t<\/select>\n\t\t<\/div>\n\t\t\t\t\t\t<\/div>\n\t\t\t\t\t\t\t\t<div class=\"elementor-field-type-textarea elementor-field-group elementor-column elementor-field-group-field_5ffd56e elementor-col-100\">\n\t\t\t\t\t\t\t\t\t\t\t\t<label for=\"form-field-field_5ffd56e\" class=\"elementor-field-label\">\n\t\t\t\t\t\t\t\tRecebe visita com frequ\u00eancia? Qual quantidade aproximada?\t\t\t\t\t\t\t<\/label>\n\t\t\t\t\t\t<textarea class=\"elementor-field-textual elementor-field  elementor-size-sm\" name=\"form_fields[field_5ffd56e]\" id=\"form-field-field_5ffd56e\" rows=\"4\" placeholder=\"Responda a frequ\u00eancia e quantidade.\"><\/textarea>\t\t\t\t<\/div>\n\t\t\t\t\t\t\t\t<div class=\"elementor-field-type-textarea elementor-field-group elementor-column elementor-field-group-field_badab7d elementor-col-100\">\n\t\t\t\t\t\t\t\t\t\t\t\t<label for=\"form-field-field_badab7d\" class=\"elementor-field-label\">\n\t\t\t\t\t\t\t\tOs moradores possuem hobbies? Quais?\t\t\t\t\t\t\t<\/label>\n\t\t\t\t\t\t<textarea class=\"elementor-field-textual elementor-field  elementor-size-sm\" name=\"form_fields[field_badab7d]\" id=\"form-field-field_badab7d\" rows=\"4\"><\/textarea>\t\t\t\t<\/div>\n\t\t\t\t\t\t\t\t<div class=\"elementor-field-type-textarea elementor-field-group elementor-column elementor-field-group-field_dab29a3 elementor-col-100\">\n\t\t\t\t\t\t\t\t\t\t\t\t<label for=\"form-field-field_dab29a3\" class=\"elementor-field-label\">\n\t\t\t\t\t\t\t\tAlgum morador pratica leitura? Em qual ambiente costuma ficar quando l\u00ea?\t\t\t\t\t\t\t<\/label>\n\t\t\t\t\t\t<textarea class=\"elementor-field-textual elementor-field  elementor-size-sm\" name=\"form_fields[field_dab29a3]\" id=\"form-field-field_dab29a3\" rows=\"4\"><\/textarea>\t\t\t\t<\/div>\n\t\t\t\t\t\t\t\t<div class=\"elementor-field-type-textarea elementor-field-group elementor-column elementor-field-group-field_abfc772 elementor-col-100\">\n\t\t\t\t\t\t\t\t\t\t\t\t<label for=\"form-field-field_abfc772\" class=\"elementor-field-label\">\n\t\t\t\t\t\t\t\tGosta de bebidas? Quais?\t\t\t\t\t\t\t<\/label>\n\t\t\t\t\t\t<textarea class=\"elementor-field-textual elementor-field  elementor-size-sm\" name=\"form_fields[field_abfc772]\" id=\"form-field-field_abfc772\" rows=\"4\"><\/textarea>\t\t\t\t<\/div>\n\t\t\t\t\t\t\t\t<div class=\"elementor-field-type-textarea elementor-field-group elementor-column elementor-field-group-field_b84f8fa elementor-col-100\">\n\t\t\t\t\t\t\t\t\t\t\t\t<label for=\"form-field-field_b84f8fa\" class=\"elementor-field-label\">\n\t\t\t\t\t\t\t\tGosta de cozinhar?\t\t\t\t\t\t\t<\/label>\n\t\t\t\t\t\t<textarea class=\"elementor-field-textual elementor-field  elementor-size-sm\" name=\"form_fields[field_b84f8fa]\" id=\"form-field-field_b84f8fa\" rows=\"4\"><\/textarea>\t\t\t\t<\/div>\n\t\t\t\t\t\t\t\t<div class=\"elementor-field-type-step elementor-field-group elementor-column elementor-field-group-field_1919c07 elementor-col-100\">\n\t\t\t\t\t\t\t<div class=\"e-field-step elementor-hidden\" data-label=\"Detalhes\" data-previousbutton=\"\" data-nextbutton=\"\" data-iconurl=\"\" data-iconlibrary=\"fas fa-star\" data-icon=\"&lt;svg class=&quot;e-font-icon-svg e-fas-star&quot; viewBox=&quot;0 0 576 512&quot; xmlns=&quot;http:\/\/www.w3.org\/2000\/svg&quot;&gt;&lt;path d=&quot;M259.3 17.8L194 150.2 47.9 171.5c-26.2 3.8-36.7 36.1-17.7 54.6l105.7 103-25 145.5c-4.5 26.3 23.2 46 46.4 33.7L288 439.6l130.7 68.7c23.2 12.2 50.9-7.4 46.4-33.7l-25-145.5 105.7-103c19-18.5 8.5-50.8-17.7-54.6L382 150.2 316.7 17.8c-11.7-23.6-45.6-23.9-57.4 0z&quot;&gt;&lt;\/path&gt;&lt;\/svg&gt;\" ><\/div>\n\n\t\t\t\t\t\t<\/div>\n\t\t\t\t\t\t\t\t<div class=\"elementor-field-type-text elementor-field-group elementor-column elementor-field-group-field_ff3dfa6 elementor-col-100\">\n\t\t\t\t\t\t\t\t\t\t\t\t<label for=\"form-field-field_ff3dfa6\" class=\"elementor-field-label\">\n\t\t\t\t\t\t\t\tQual ambiente voc\u00ea mais ama em uma resid\u00eancia?\t\t\t\t\t\t\t<\/label>\n\t\t\t\t\t\t\t\t\t\t\t\t\t\t<input size=\"1\" type=\"text\" name=\"form_fields[field_ff3dfa6]\" id=\"form-field-field_ff3dfa6\" class=\"elementor-field elementor-size-sm  elementor-field-textual\">\n\t\t\t\t\t\t\t\t\t\t\t<\/div>\n\t\t\t\t\t\t\t\t<div class=\"elementor-field-type-text elementor-field-group elementor-column elementor-field-group-field_2e01659 elementor-col-100\">\n\t\t\t\t\t\t\t\t\t\t\t\t<label for=\"form-field-field_2e01659\" class=\"elementor-field-label\">\n\t\t\t\t\t\t\t\tQual ambiente voc\u00ea menos gosta em uma resid\u00eancia?\t\t\t\t\t\t\t<\/label>\n\t\t\t\t\t\t\t\t\t\t\t\t\t\t<input size=\"1\" type=\"text\" name=\"form_fields[field_2e01659]\" id=\"form-field-field_2e01659\" class=\"elementor-field elementor-size-sm  elementor-field-textual\">\n\t\t\t\t\t\t\t\t\t\t\t<\/div>\n\t\t\t\t\t\t\t\t<div class=\"elementor-field-type-text elementor-field-group elementor-column elementor-field-group-field_0384089 elementor-col-100\">\n\t\t\t\t\t\t\t\t\t\t\t\t<label for=\"form-field-field_0384089\" class=\"elementor-field-label\">\n\t\t\t\t\t\t\t\tQuais cores mais te agradam? Tons quentes (vermelho, laranja, amarelo) ou tons frios (azul, verde, roxo)?\t\t\t\t\t\t\t<\/label>\n\t\t\t\t\t\t\t\t\t\t\t\t\t\t<input size=\"1\" type=\"text\" name=\"form_fields[field_0384089]\" id=\"form-field-field_0384089\" class=\"elementor-field elementor-size-sm  elementor-field-textual\">\n\t\t\t\t\t\t\t\t\t\t\t<\/div>\n\t\t\t\t\t\t\t\t<div class=\"elementor-field-type-text elementor-field-group elementor-column elementor-field-group-field_a62f22b elementor-col-100\">\n\t\t\t\t\t\t\t\t\t\t\t\t<label for=\"form-field-field_a62f22b\" class=\"elementor-field-label\">\n\t\t\t\t\t\t\t\tMe fale um item\/elemento que tem um significado MUITO importante pra voc\u00ea, algo que remete a algum momento bastante especial e que resgata aquela mem\u00f3ria afetiva\t\t\t\t\t\t\t<\/label>\n\t\t\t\t\t\t\t\t\t\t\t\t\t\t<input size=\"1\" type=\"text\" name=\"form_fields[field_a62f22b]\" id=\"form-field-field_a62f22b\" class=\"elementor-field elementor-size-sm  elementor-field-textual\">\n\t\t\t\t\t\t\t\t\t\t\t<\/div>\n\t\t\t\t\t\t\t\t<div class=\"elementor-field-type-textarea elementor-field-group elementor-column elementor-field-group-field_fba04b4 elementor-col-100\">\n\t\t\t\t\t\t\t\t\t\t\t\t<label for=\"form-field-field_fba04b4\" class=\"elementor-field-label\">\n\t\t\t\t\t\t\t\tQuando voc\u00ea pensa em uma resid\u00eancia ideal pra voc\u00ea, o que n\u00e3o poderia  faltar\t\t\t\t\t\t\t<\/label>\n\t\t\t\t\t\t<textarea class=\"elementor-field-textual elementor-field  elementor-size-sm\" name=\"form_fields[field_fba04b4]\" id=\"form-field-field_fba04b4\" rows=\"4\"><\/textarea>\t\t\t\t<\/div>\n\t\t\t\t\t\t\t\t<div class=\"elementor-field-type-textarea elementor-field-group elementor-column elementor-field-group-field_c45edd3 elementor-col-100\">\n\t\t\t\t\t\t\t\t\t\t\t\t<label for=\"form-field-field_c45edd3\" class=\"elementor-field-label\">\n\t\t\t\t\t\t\t\tObserva\u00e7\u00f5es que queira fazer:\t\t\t\t\t\t\t<\/label>\n\t\t\t\t\t\t<textarea class=\"elementor-field-textual elementor-field  elementor-size-sm\" name=\"form_fields[field_c45edd3]\" id=\"form-field-field_c45edd3\" rows=\"4\"><\/textarea>\t\t\t\t<\/div>\n\t\t\t\t\t\t\t\t<div class=\"elementor-field-group elementor-column elementor-field-type-submit elementor-col-100 e-form__buttons\">\n\t\t\t\t\t<button class=\"elementor-button elementor-size-sm\" type=\"submit\">\n\t\t\t\t\t\t<span class=\"elementor-button-content-wrapper\">\n\t\t\t\t\t\t\t\t\t\t\t\t\t\t\t\t\t\t\t\t\t\t<span class=\"elementor-button-text\">ENVIAR<\/span>\n\t\t\t\t\t\t\t\t\t\t\t\t\t<\/span>\n\t\t\t\t\t<\/button>\n\t\t\t\t<\/div>\n\t\t\t<\/div>\n\t\t<input type=\"hidden\" name=\"trp-form-language\" value=\"es\"\/><\/form>\n\t\t\t\t\t\t<\/div>\n\t\t\t\t\t<\/div>\n\t\t<\/div>\n\t\t\t\t\t<\/div>\n\t\t<\/section>\n\t\t\t\t<\/div>","protected":false},"excerpt":{"rendered":"<p>BRIEFING &#8211; PROGRAMA DE NECESSIDADES DO(A) CLIENTE<\/p>","protected":false},"author":1,"featured_media":0,"parent":0,"menu_order":0,"comment_status":"closed","ping_status":"closed","template":"","meta":{"_acf_changed":false,"footnotes":""},"class_list":["post-1743","page","type-page","status-publish","hentry"],"acf":[],"yoast_head":"<!-- This site is optimized with the Yoast SEO Premium plugin v26.2 (Yoast SEO v26.7) - https:\/\/yoast.com\/wordpress\/plugins\/seo\/ -->\n<title>BRIEFING - Marcela Mendes Arquitetura<\/title>\n<meta name=\"robots\" content=\"index, follow, max-snippet:-1, max-image-preview:large, max-video-preview:-1\" \/>\n<link rel=\"canonical\" href=\"https:\/\/arqmarcelamendes.com.br\/es\/briefing\/\" \/>\n<meta property=\"og:locale\" content=\"es_ES\" \/>\n<meta property=\"og:type\" content=\"article\" \/>\n<meta property=\"og:title\" content=\"BRIEFING\" \/>\n<meta property=\"og:description\" content=\"BRIEFING &#8211; PROGRAMA DE NECESSIDADES DO(A) CLIENTE\" \/>\n<meta property=\"og:url\" content=\"https:\/\/arqmarcelamendes.com.br\/es\/briefing\/\" \/>\n<meta property=\"og:site_name\" content=\"Marcela Mendes Arquitetura\" \/>\n<meta property=\"article:modified_time\" content=\"2024-10-22T17:54:19+00:00\" \/>\n<meta name=\"twitter:card\" content=\"summary_large_image\" \/>\n<script type=\"application\/ld+json\" class=\"yoast-schema-graph\">{\"@context\":\"https:\/\/schema.org\",\"@graph\":[{\"@type\":\"WebPage\",\"@id\":\"https:\/\/arqmarcelamendes.com.br\/briefing\/\",\"url\":\"https:\/\/arqmarcelamendes.com.br\/briefing\/\",\"name\":\"BRIEFING - Marcela Mendes Arquitetura\",\"isPartOf\":{\"@id\":\"https:\/\/arqmarcelamendes.com.br\/#website\"},\"datePublished\":\"2022-08-07T14:57:46+00:00\",\"dateModified\":\"2024-10-22T17:54:19+00:00\",\"breadcrumb\":{\"@id\":\"https:\/\/arqmarcelamendes.com.br\/briefing\/#breadcrumb\"},\"inLanguage\":\"es\",\"potentialAction\":[{\"@type\":\"ReadAction\",\"target\":[\"https:\/\/arqmarcelamendes.com.br\/briefing\/\"]}]},{\"@type\":\"BreadcrumbList\",\"@id\":\"https:\/\/arqmarcelamendes.com.br\/briefing\/#breadcrumb\",\"itemListElement\":[{\"@type\":\"ListItem\",\"position\":1,\"name\":\"In\u00edcio\",\"item\":\"https:\/\/arqmarcelamendes.com.br\/\"},{\"@type\":\"ListItem\",\"position\":2,\"name\":\"BRIEFING\"}]},{\"@type\":\"WebSite\",\"@id\":\"https:\/\/arqmarcelamendes.com.br\/#website\",\"url\":\"https:\/\/arqmarcelamendes.com.br\/\",\"name\":\"Marcela Mendes Arquitetura\",\"description\":\"Consultoria e projetos de interiores para pequenos e grandes espa\u00e7os\",\"publisher\":{\"@id\":\"https:\/\/arqmarcelamendes.com.br\/#organization\"},\"potentialAction\":[{\"@type\":\"SearchAction\",\"target\":{\"@type\":\"EntryPoint\",\"urlTemplate\":\"https:\/\/arqmarcelamendes.com.br\/?s={search_term_string}\"},\"query-input\":{\"@type\":\"PropertyValueSpecification\",\"valueRequired\":true,\"valueName\":\"search_term_string\"}}],\"inLanguage\":\"es\"},{\"@type\":\"Organization\",\"@id\":\"https:\/\/arqmarcelamendes.com.br\/#organization\",\"name\":\"Marcela Mendes Arquitetura\",\"url\":\"https:\/\/arqmarcelamendes.com.br\/\",\"logo\":{\"@type\":\"ImageObject\",\"inLanguage\":\"es\",\"@id\":\"https:\/\/arqmarcelamendes.com.br\/#\/schema\/logo\/image\/\",\"url\":\"https:\/\/arqmarcelamendes.com.br\/wp-content\/uploads\/2022\/07\/cropped-LOGO-PNG.png\",\"contentUrl\":\"https:\/\/arqmarcelamendes.com.br\/wp-content\/uploads\/2022\/07\/cropped-LOGO-PNG.png\",\"width\":512,\"height\":512,\"caption\":\"Marcela Mendes Arquitetura\"},\"image\":{\"@id\":\"https:\/\/arqmarcelamendes.com.br\/#\/schema\/logo\/image\/\"}}]}<\/script>\n<!-- \/ Yoast SEO Premium plugin. -->","yoast_head_json":{"title":"BRIEFING - Marcela Mendes Arquitetura","robots":{"index":"index","follow":"follow","max-snippet":"max-snippet:-1","max-image-preview":"max-image-preview:large","max-video-preview":"max-video-preview:-1"},"canonical":"https:\/\/arqmarcelamendes.com.br\/es\/briefing\/","og_locale":"es_ES","og_type":"article","og_title":"BRIEFING","og_description":"BRIEFING &#8211; PROGRAMA DE NECESSIDADES DO(A) CLIENTE","og_url":"https:\/\/arqmarcelamendes.com.br\/es\/briefing\/","og_site_name":"Marcela Mendes Arquitetura","article_modified_time":"2024-10-22T17:54:19+00:00","twitter_card":"summary_large_image","schema":{"@context":"https:\/\/schema.org","@graph":[{"@type":"WebPage","@id":"https:\/\/arqmarcelamendes.com.br\/briefing\/","url":"https:\/\/arqmarcelamendes.com.br\/briefing\/","name":"BRIEFING - Marcela Mendes Arquitetura","isPartOf":{"@id":"https:\/\/arqmarcelamendes.com.br\/#website"},"datePublished":"2022-08-07T14:57:46+00:00","dateModified":"2024-10-22T17:54:19+00:00","breadcrumb":{"@id":"https:\/\/arqmarcelamendes.com.br\/briefing\/#breadcrumb"},"inLanguage":"es","potentialAction":[{"@type":"ReadAction","target":["https:\/\/arqmarcelamendes.com.br\/briefing\/"]}]},{"@type":"BreadcrumbList","@id":"https:\/\/arqmarcelamendes.com.br\/briefing\/#breadcrumb","itemListElement":[{"@type":"ListItem","position":1,"name":"In\u00edcio","item":"https:\/\/arqmarcelamendes.com.br\/"},{"@type":"ListItem","position":2,"name":"BRIEFING"}]},{"@type":"WebSite","@id":"https:\/\/arqmarcelamendes.com.br\/#website","url":"https:\/\/arqmarcelamendes.com.br\/","name":"Marcela Mendes Arquitetura","description":"Consultoria e projetos de interiores para pequenos e grandes espa\u00e7os","publisher":{"@id":"https:\/\/arqmarcelamendes.com.br\/#organization"},"potentialAction":[{"@type":"SearchAction","target":{"@type":"EntryPoint","urlTemplate":"https:\/\/arqmarcelamendes.com.br\/?s={search_term_string}"},"query-input":{"@type":"PropertyValueSpecification","valueRequired":true,"valueName":"search_term_string"}}],"inLanguage":"es"},{"@type":"Organization","@id":"https:\/\/arqmarcelamendes.com.br\/#organization","name":"Marcela Mendes Arquitetura","url":"https:\/\/arqmarcelamendes.com.br\/","logo":{"@type":"ImageObject","inLanguage":"es","@id":"https:\/\/arqmarcelamendes.com.br\/#\/schema\/logo\/image\/","url":"https:\/\/arqmarcelamendes.com.br\/wp-content\/uploads\/2022\/07\/cropped-LOGO-PNG.png","contentUrl":"https:\/\/arqmarcelamendes.com.br\/wp-content\/uploads\/2022\/07\/cropped-LOGO-PNG.png","width":512,"height":512,"caption":"Marcela Mendes Arquitetura"},"image":{"@id":"https:\/\/arqmarcelamendes.com.br\/#\/schema\/logo\/image\/"}}]}},"_links":{"self":[{"href":"https:\/\/arqmarcelamendes.com.br\/es\/wp-json\/wp\/v2\/pages\/1743","targetHints":{"allow":["GET"]}}],"collection":[{"href":"https:\/\/arqmarcelamendes.com.br\/es\/wp-json\/wp\/v2\/pages"}],"about":[{"href":"https:\/\/arqmarcelamendes.com.br\/es\/wp-json\/wp\/v2\/types\/page"}],"author":[{"embeddable":true,"href":"https:\/\/arqmarcelamendes.com.br\/es\/wp-json\/wp\/v2\/users\/1"}],"replies":[{"embeddable":true,"href":"https:\/\/arqmarcelamendes.com.br\/es\/wp-json\/wp\/v2\/comments?post=1743"}],"version-history":[{"count":0,"href":"https:\/\/arqmarcelamendes.com.br\/es\/wp-json\/wp\/v2\/pages\/1743\/revisions"}],"wp:attachment":[{"href":"https:\/\/arqmarcelamendes.com.br\/es\/wp-json\/wp\/v2\/media?parent=1743"}],"curies":[{"name":"wp","href":"https:\/\/api.w.org\/{rel}","templated":true}]}}